{"id":1804,"date":"2022-01-23T16:32:59","date_gmt":"2022-01-23T16:32:59","guid":{"rendered":"http:\/\/saltydriver.com\/politica-de-cookies\/"},"modified":"2025-12-02T07:46:27","modified_gmt":"2025-12-02T07:46:27","slug":"cookie-richtlinie","status":"publish","type":"page","link":"https:\/\/saltydriver.com\/de\/cookie-richtlinie\/","title":{"rendered":"Cookie-Richtlinie"},"content":{"rendered":"\t\t<div data-elementor-type=\"wp-page\" data-elementor-id=\"1804\" class=\"elementor elementor-1804 elementor-1418\" data-elementor-post-type=\"page\">\n\t\t\t\t\t\t<section class=\"elementor-section elementor-top-section elementor-element elementor-element-f2661c3 elementor-section-boxed elementor-section-height-default elementor-section-height-default\" data-id=\"f2661c3\" data-element_type=\"section\" data-e-type=\"section\">\n\t\t\t\t\t\t<div class=\"elementor-container elementor-column-gap-default\">\n\t\t\t\t\t<div class=\"elementor-column elementor-col-100 elementor-top-column elementor-element elementor-element-0c3e46e\" data-id=\"0c3e46e\" data-element_type=\"column\" data-e-type=\"column\">\n\t\t\t<div class=\"elementor-widget-wrap elementor-element-populated\">\n\t\t\t\t\t\t<div class=\"elementor-element elementor-element-73fe228 elementor-widget elementor-widget-text-editor\" data-id=\"73fe228\" data-element_type=\"widget\" data-e-type=\"widget\" data-widget_type=\"text-editor.default\">\n\t\t\t\t<div class=\"elementor-widget-container\">\n\t\t\t\t\t\t\t\t\t<h1 data-start=\"99\" data-end=\"128\"><strong data-start=\"102\" data-end=\"128\">Verwendung von Cookies<\/strong><\/h1><p data-start=\"130\" data-end=\"568\">Der Zugriff auf diese Website setzt die Verwendung von Cookies voraus. Ein Cookie ist eine kleine Datei, die auf dem Computer des Nutzers gespeichert wird und dessen Wiedererkennung erm\u00f6glicht, Browsing-Einstellungen speichert, Formulardaten sichert, Informationen \u00fcber das Surfverhalten sammelt usw. Cookies sind f\u00fcr das Funktionieren des Internets unerl\u00e4sslich und bieten zahlreiche Vorteile bei der Bereitstellung interaktiver Dienste.<\/p><p data-start=\"570\" data-end=\"1210\">Wenn der Nutzer weiter auf der Seite surft, akzeptiert er die Verwendung technisch notwendiger Cookies, die f\u00fcr das einwandfreie Funktionieren der Website unerl\u00e4sslich sind. F\u00fcr alle anderen Arten von Cookies muss der Nutzer seine Einwilligung geben und kann diese jederzeit \u00fcber die Cookie-Einstellungen der Website widerrufen. Dar\u00fcber hinaus kann der Nutzer Cookies von seinem Ger\u00e4t l\u00f6schen und die Einstellungen seines Browsers \u00e4ndern (bitte ziehen Sie die Hilfefunktion Ihres Browsers zu Rate, wenn Sie nicht wissen, wie dies funktioniert, da die Verfahren zur Verwaltung und L\u00f6schung von Cookies je nach verwendetem Browser variieren).<\/p><p data-start=\"1212\" data-end=\"1472\">Diese Website verwendet verschiedene Arten von Cookies. Einige Cookies werden von Drittanbietern gesetzt, deren Dienste auf unseren Seiten erscheinen (z. B. Social-Plugins von Facebook oder Twitter, die die Interaktion mit Widgets auf der Website erm\u00f6glichen).<\/p><p data-start=\"1474\" data-end=\"1609\">Angaben zum Verantwortlichen sowie Hinweise zur Aus\u00fcbung Ihrer Datenschutzrechte finden Sie in der Datenschutzerkl\u00e4rung dieser Website.<\/p><h2 data-start=\"1616\" data-end=\"1640\"><strong data-start=\"1619\" data-end=\"1640\">Arten von Cookies<\/strong><\/h2><h3 data-start=\"1642\" data-end=\"1688\"><strong data-start=\"1646\" data-end=\"1688\">Sitzungscookies und dauerhafte Cookies<\/strong><\/h3><ul data-start=\"1689\" data-end=\"2269\"><li data-start=\"1689\" data-end=\"1917\"><p data-start=\"1691\" data-end=\"1917\"><strong data-start=\"1691\" data-end=\"1710\">Sitzungscookies<\/strong> sind tempor\u00e4re Dateien, die im Cookie-Speicher Ihres Browsers verbleiben, bis Sie den Browser schlie\u00dfen. Sie dienen der Identifikation und speichern vom Nutzer gew\u00e4hlte Optionen wie die Spracheinstellung.<\/p><\/li><li data-start=\"1918\" data-end=\"2269\"><p data-start=\"1920\" data-end=\"2269\"><strong data-start=\"1920\" data-end=\"1942\">Dauerhafte Cookies<\/strong> werden f\u00fcr einen festgelegten Zeitraum auf Ihrem Ger\u00e4t gespeichert und von unserer Website bei jedem Besuch erneut abgerufen. Sie enthalten \u00e4hnliche Informationen wie Sitzungscookies, z. B. Nutzerpr\u00e4ferenzen und Identifikationsdaten, besitzen jedoch ein l\u00e4ngeres Ablaufdatum und funktionieren nach dessen Erreichen nicht mehr.<\/p><\/li><\/ul><h3 data-start=\"2271\" data-end=\"2324\"><strong data-start=\"2275\" data-end=\"2324\">Eigene Cookies und Cookies von Drittanbietern<\/strong><\/h3><ul data-start=\"2325\" data-end=\"2905\"><li data-start=\"2325\" data-end=\"2533\"><p data-start=\"2327\" data-end=\"2533\"><strong data-start=\"2327\" data-end=\"2345\">Eigene Cookies<\/strong> werden an das Endger\u00e4t des Nutzers von einem Server oder einer Domain gesendet, die vom Betreiber der Website verwaltet wird und von der aus der angeforderte Dienst bereitgestellt wird.<\/p><\/li><li data-start=\"2534\" data-end=\"2905\"><p data-start=\"2536\" data-end=\"2905\"><strong data-start=\"2536\" data-end=\"2566\">Cookies von Drittanbietern<\/strong> werden von einer Organisation gesetzt, die nicht dem Eigent\u00fcmer der Website entspricht. Beispielsweise kann die Website einen externen Webanalysedienst nutzen, der eigene Cookies zur Erbringung des Dienstes setzt. Ebenso k\u00f6nnen externe Anbieter eingesetzt werden, die auf die Verwaltung personalisierter Werbekampagnen spezialisiert sind.<\/p><\/li><\/ul><h3 data-start=\"2907\" data-end=\"2950\"><strong data-start=\"2911\" data-end=\"2950\">Arten von Cookies gem\u00e4\u00df ihrem Zweck<\/strong><\/h3><h4 data-start=\"2952\" data-end=\"2979\"><strong data-start=\"2957\" data-end=\"2979\">Technische Cookies<\/strong><\/h4><p data-start=\"2980\" data-end=\"3522\">Diese erm\u00f6glichen dem Nutzer die Navigation durch die Website oder Anwendung sowie die Nutzung der darin enthaltenen Funktionen oder Dienste, wie z. B. die Kontrolle des Datenverkehrs, die Sitzungsidentifikation, den Zugriff auf gesch\u00fctzte Bereiche, das Merken der Elemente eines Warenkorbs, die Abwicklung eines Bestellvorgangs, die Anmeldung zu einer Veranstaltung, die Nutzung von Sicherheitselementen w\u00e4hrend der Navigation, die Speicherung von Inhalten zur Video- oder Audiowiedergabe oder das Teilen von Inhalten \u00fcber soziale Netzwerke.<\/p><h4 data-start=\"3524\" data-end=\"3558\"><strong data-start=\"3529\" data-end=\"3558\">Personalisierungs-Cookies<\/strong><\/h4><p data-start=\"3559\" data-end=\"3839\">Diese erm\u00f6glichen es dem Nutzer, den Dienst mit einigen vordefinierten allgemeinen Merkmalen zu nutzen, die auf einer Reihe von Kriterien im Ger\u00e4t des Nutzers beruhen, wie z. B. der Sprache, dem Browsertyp oder der regionalen Konfiguration, \u00fcber die der Zugang zum Dienst erfolgt.<\/p><h4 data-start=\"3841\" data-end=\"3865\"><strong data-start=\"3846\" data-end=\"3865\">Analyse-Cookies<\/strong><\/h4><p data-start=\"3866\" data-end=\"4222\">Diese erm\u00f6glichen dem Verantwortlichen die \u00dcberwachung und Analyse des Verhaltens der Nutzer auf den Websites, mit denen sie verkn\u00fcpft sind. Die durch diese Cookies gewonnenen Informationen werden zur Messung der Website-Aktivit\u00e4t sowie zur Erstellung von Nutzerprofilen verwendet, um Verbesserungen basierend auf der Analyse der Nutzungsdaten vorzunehmen.<\/p><h4 data-start=\"4224\" data-end=\"4246\"><strong data-start=\"4229\" data-end=\"4246\">Werbe-Cookies<\/strong><\/h4><p data-start=\"4247\" data-end=\"4629\">Diese erm\u00f6glichen die m\u00f6glichst effiziente Verwaltung von Werbefl\u00e4chen auf der Website. Dazu k\u00f6nnen auch Cookies zur verhaltensbasierten Werbung geh\u00f6ren, die Informationen \u00fcber das Surfverhalten der Nutzer speichern, indem sie deren Gewohnheiten kontinuierlich beobachten. Dadurch kann ein spezifisches Profil erstellt werden, um Werbung entsprechend dieser Gewohnheiten anzuzeigen.<\/p>\t\t\t\t\t\t\t\t<\/div>\n\t\t\t\t<\/div>\n\t\t\t\t\t<\/div>\n\t\t<\/div>\n\t\t\t\t\t<\/div>\n\t\t<\/section>\n\t\t\t\t<section class=\"elementor-section elementor-top-section elementor-element elementor-element-d44e2d3 elementor-section-boxed elementor-section-height-default elementor-section-height-default\" data-id=\"d44e2d3\" data-element_type=\"section\" data-e-type=\"section\">\n\t\t\t\t\t\t<div class=\"elementor-container elementor-column-gap-default\">\n\t\t\t\t\t<div class=\"elementor-column elementor-col-100 elementor-top-column elementor-element elementor-element-bde3903\" data-id=\"bde3903\" data-element_type=\"column\" data-e-type=\"column\">\n\t\t\t<div class=\"elementor-widget-wrap\">\n\t\t\t\t\t\t\t<\/div>\n\t\t<\/div>\n\t\t\t\t\t<\/div>\n\t\t<\/section>\n\t\t\t\t<\/div>\n\t\t","protected":false},"excerpt":{"rendered":"<p>Verwendung von Cookies Der Zugriff auf diese Website setzt die Verwendung von Cookies voraus. Ein Cookie ist eine kleine Datei, die auf dem Computer des Nutzers gespeichert wird und dessen Wiedererkennung erm\u00f6glicht, Browsing-Einstellungen speichert, Formulardaten sichert, Informationen \u00fcber das Surfverhalten sammelt usw. Cookies sind f\u00fcr das Funktionieren des Internets unerl\u00e4sslich und bieten zahlreiche Vorteile bei [&hellip;]<\/p>\n","protected":false},"author":1,"featured_media":0,"parent":0,"menu_order":0,"comment_status":"closed","ping_status":"closed","template":"","meta":{"footnotes":""},"class_list":["post-1804","page","type-page","status-publish","hentry"],"_links":{"self":[{"href":"https:\/\/saltydriver.com\/de\/wp-json\/wp\/v2\/pages\/1804","targetHints":{"allow":["GET"]}}],"collection":[{"href":"https:\/\/saltydriver.com\/de\/wp-json\/wp\/v2\/pages"}],"about":[{"href":"https:\/\/saltydriver.com\/de\/wp-json\/wp\/v2\/types\/page"}],"author":[{"embeddable":true,"href":"https:\/\/saltydriver.com\/de\/wp-json\/wp\/v2\/users\/1"}],"replies":[{"embeddable":true,"href":"https:\/\/saltydriver.com\/de\/wp-json\/wp\/v2\/comments?post=1804"}],"version-history":[{"count":4,"href":"https:\/\/saltydriver.com\/de\/wp-json\/wp\/v2\/pages\/1804\/revisions"}],"predecessor-version":[{"id":3512,"href":"https:\/\/saltydriver.com\/de\/wp-json\/wp\/v2\/pages\/1804\/revisions\/3512"}],"wp:attachment":[{"href":"https:\/\/saltydriver.com\/de\/wp-json\/wp\/v2\/media?parent=1804"}],"curies":[{"name":"wp","href":"https:\/\/api.w.org\/{rel}","templated":true}]}}