{"id":1800,"date":"2022-01-23T16:32:59","date_gmt":"2022-01-23T16:32:59","guid":{"rendered":"http:\/\/saltydriver.com\/terminos-y-condiciones\/"},"modified":"2025-12-11T09:04:37","modified_gmt":"2025-12-11T09:04:37","slug":"geschaeftsbedingungen","status":"publish","type":"page","link":"https:\/\/saltydriver.com\/de\/geschaeftsbedingungen\/","title":{"rendered":"Gesch\u00e4ftsbedingungen"},"content":{"rendered":"\t\t<div data-elementor-type=\"wp-page\" data-elementor-id=\"1800\" class=\"elementor elementor-1800 elementor-1420\" data-elementor-post-type=\"page\">\n\t\t\t\t\t\t<section class=\"elementor-section elementor-top-section elementor-element elementor-element-370b53b elementor-section-boxed elementor-section-height-default elementor-section-height-default\" data-id=\"370b53b\" data-element_type=\"section\" data-e-type=\"section\">\n\t\t\t\t\t\t<div class=\"elementor-container elementor-column-gap-default\">\n\t\t\t\t\t<div class=\"elementor-column elementor-col-100 elementor-top-column elementor-element elementor-element-e8de364\" data-id=\"e8de364\" data-element_type=\"column\" data-e-type=\"column\">\n\t\t\t<div class=\"elementor-widget-wrap elementor-element-populated\">\n\t\t\t\t\t\t<div class=\"elementor-element elementor-element-b67879a elementor-widget elementor-widget-text-editor\" data-id=\"b67879a\" data-element_type=\"widget\" data-e-type=\"widget\" data-widget_type=\"text-editor.default\">\n\t\t\t\t<div class=\"elementor-widget-container\">\n\t\t\t\t\t\t\t\t\t<h1 data-start=\"150\" data-end=\"193\"><strong data-start=\"152\" data-end=\"193\">Allgemeine Gesch\u00e4ftsbedingungen (AGB)<\/strong><\/h1><h2 data-start=\"195\" data-end=\"227\"><strong data-start=\"198\" data-end=\"227\">1. Allgemeine Bedingungen<\/strong><\/h2><p data-start=\"229\" data-end=\"459\">Die Website und mobile App (APP) von Salty Driver sind Eigentum von <strong data-start=\"297\" data-end=\"318\">Salty Driver S.L.<\/strong>, einer in Spanien registrierten Gesellschaft mit <strong data-start=\"368\" data-end=\"386\">NIF B-67822635<\/strong> und Sitz in <strong data-start=\"399\" data-end=\"458\">Cam\u00ed Can Pastilla, 74, 07610 Palma de Mallorca, Spanien<\/strong>.<\/p><p data-start=\"461\" data-end=\"649\">Diese allgemeinen Bedingungen regeln die vertragliche Beziehung zwischen <strong data-start=\"534\" data-end=\"550\">Salty Driver<\/strong> und dem Kunden. Salty Driver handelt als <strong data-start=\"592\" data-end=\"606\">Vermittler<\/strong> zwischen dem Kunden und dem Dienstleister.<\/p><p data-start=\"651\" data-end=\"815\">Salty Driver arbeitet mit privaten Transportunternehmen zusammen, die \u00fcber alle erforderlichen Lizenzen und Genehmigungen gem\u00e4\u00df der geltenden Gesetzgebung verf\u00fcgen.<\/p><p data-start=\"817\" data-end=\"980\">Salty Driver handelt als <strong data-start=\"842\" data-end=\"851\">Agent<\/strong> im Namen seiner Anbieter (Transportunternehmen) und kann daher keine Haftung f\u00fcr die Erbringung der Dienstleistungen \u00fcbernehmen.<\/p><p data-start=\"982\" data-end=\"1428\">Mit einer Buchung \u00fcber die Website oder APP von Salty Driver akzeptieren Sie, dass der <strong data-start=\"1069\" data-end=\"1095\">Dienstleistungsvertrag<\/strong> direkt zwischen Ihnen und unserem Anbieter zustande kommt. Wenn die Buchung von einem Reiseb\u00fcro oder einer anderen Person in Ihrem Namen vorgenommen wird, gilt diese als Vertreter aller in der Buchung enthaltenen Passagiere. Sie stimmen zu, an diese Bedingungen sowie an alle weiteren Informationen auf der Website gebunden zu sein.<\/p><p data-start=\"1430\" data-end=\"1644\">Mit der Buchung best\u00e4tigen Sie, dass Sie diese Allgemeinen Gesch\u00e4ftsbedingungen gelesen haben und \u00fcber die rechtliche Befugnis verf\u00fcgen, sie im eigenen Namen und im Namen der mitreisenden Passagiere zu akzeptieren.<\/p><p data-start=\"1646\" data-end=\"1847\">Diese Bedingungen k\u00f6nnen ohne vorherige Ank\u00fcndigung ge\u00e4ndert werden. \u00c4nderungen werden per E-Mail, \u00fcber die APP, die Website oder \u00fcber ein anderes von Ihnen angegebenes Kommunikationsmittel mitgeteilt.<\/p><hr data-start=\"1849\" data-end=\"1852\" \/><h2 data-start=\"1854\" data-end=\"1883\"><strong data-start=\"1857\" data-end=\"1883\">2. Zahlung und Vertrag<\/strong><\/h2><p data-start=\"1885\" data-end=\"2135\">Buchungen k\u00f6nnen online \u00fcber die Website oder die mobile APP vorgenommen werden. Bei Buchungen f\u00fcr mehrere Personen akzeptiert die buchende Person diese Bedingungen im Namen aller Passagiere. Die buchende Person muss <strong data-start=\"2102\" data-end=\"2129\">mindestens 18 Jahre alt<\/strong> sein.<\/p><p data-start=\"2137\" data-end=\"2473\">Die <strong data-start=\"2141\" data-end=\"2165\">vollst\u00e4ndige Zahlung<\/strong> ist zum Zeitpunkt der Buchung per Kredit- oder Debitkarte erforderlich. Nach Zahlungseingang bearbeitet Salty Driver die Buchung und sendet eine Best\u00e4tigung sowie den Buchungsbeleg. Dieser Beleg muss dem Fahrer in gedruckter oder digitaler Form vorgelegt werden, um den Service in Anspruch nehmen zu k\u00f6nnen.<\/p><hr data-start=\"2475\" data-end=\"2478\" \/><h2 data-start=\"2480\" data-end=\"2512\"><strong data-start=\"2483\" data-end=\"2512\">3. \u00c4nderungen der Buchung<\/strong><\/h2><p data-start=\"2514\" data-end=\"2722\">\u00c4nderungen k\u00f6nnen <strong data-start=\"2532\" data-end=\"2546\">kostenfrei<\/strong> bis zu 24 Stunden vor Beginn des ersten gebuchten Transfers vorgenommen werden. Senden Sie dazu eine E-Mail an <strong data-start=\"2658\" data-end=\"2682\"><a class=\"decorated-link cursor-pointer\" rel=\"noopener\" data-start=\"2660\" data-end=\"2680\">info@saltydriver.com<\/a><\/strong> mit Angabe von Name und Buchungsnummer.<\/p><p data-start=\"2724\" data-end=\"2925\">\u00c4nderungen innerhalb von weniger als 24 Stunden vor dem ersten Transfer k\u00f6nnen zus\u00e4tzliche Kosten verursachen und h\u00e4ngen von der Verf\u00fcgbarkeit ab. Auch diese Anfragen m\u00fcssen per E-Mail gestellt werden.<\/p><p data-start=\"2927\" data-end=\"3017\">\u00c4nderungen, die zus\u00e4tzliche Kosten verursachen, m\u00fcssen <strong data-start=\"2982\" data-end=\"3001\">vor dem Service<\/strong> bezahlt werden.<\/p><hr data-start=\"3019\" data-end=\"3022\" \/><h2 data-start=\"3024\" data-end=\"3070\"><strong data-start=\"3027\" data-end=\"3070\">4. Minderj\u00e4hrige: Preis und Kindersitze<\/strong><\/h2><p data-start=\"3072\" data-end=\"3181\">Alle Passagiere, unabh\u00e4ngig vom Alter, m\u00fcssen bei der Berechnung der Fahrzeugkapazit\u00e4t ber\u00fccksichtigt werden.<\/p><p data-start=\"3183\" data-end=\"3403\">Gem\u00e4\u00df der <strong data-start=\"3193\" data-end=\"3221\">EU-Richtlinie 2003\/20\/EG<\/strong> m\u00fcssen Kinder bis 12 Jahre oder 135 cm K\u00f6rpergr\u00f6\u00dfe einen geeigneten Kindersitz verwenden. Lizenzierte Taxis sind davon ausgenommen. Kindersitze von Salty Driver sind <strong data-start=\"3388\" data-end=\"3402\">kostenfrei<\/strong>.<\/p><p data-start=\"3405\" data-end=\"3443\">Wenn keine Kindersitze verf\u00fcgbar sind:<\/p><ul data-start=\"3445\" data-end=\"3599\"><li data-start=\"3445\" data-end=\"3506\"><p data-start=\"3447\" data-end=\"3506\">Kinder <strong data-start=\"3454\" data-end=\"3469\">ab 3 Jahren<\/strong> d\u00fcrfen mit Sicherheitsgurt reisen.<\/p><\/li><li data-start=\"3507\" data-end=\"3599\"><p data-start=\"3509\" data-end=\"3599\">Kinder <strong data-start=\"3516\" data-end=\"3534\">unter 3 Jahren<\/strong> d\u00fcrfen nur auf dem R\u00fccksitz ohne Sicherung transportiert werden.<\/p><\/li><\/ul><hr data-start=\"3601\" data-end=\"3604\" \/><h2 data-start=\"3606\" data-end=\"3629\"><strong data-start=\"3609\" data-end=\"3629\">5. Stornierungen<\/strong><\/h2><p data-start=\"3631\" data-end=\"3735\">Stornierungen m\u00fcssen \u00fcber die APP von Salty Driver oder per E-Mail an <strong data-start=\"3701\" data-end=\"3725\"><a class=\"decorated-link cursor-pointer\" rel=\"noopener\" data-start=\"3703\" data-end=\"3723\">info@saltydriver.com<\/a><\/strong> erfolgen.<\/p><ul data-start=\"3737\" data-end=\"3898\"><li data-start=\"3737\" data-end=\"3821\"><p data-start=\"3739\" data-end=\"3821\">Stornierungen <strong data-start=\"3753\" data-end=\"3776\">mehr als 24 Stunden<\/strong> vor dem Service: <strong data-start=\"3794\" data-end=\"3818\">volle R\u00fcckerstattung<\/strong>.<\/p><\/li><li data-start=\"3822\" data-end=\"3898\"><p data-start=\"3824\" data-end=\"3898\">Stornierungen <strong data-start=\"3838\" data-end=\"3864\">weniger als 24 Stunden<\/strong> vorher: <strong data-start=\"3873\" data-end=\"3897\">keine R\u00fcckerstattung<\/strong>.<\/p><\/li><\/ul><p data-start=\"3900\" data-end=\"4213\">In Ausnahmef\u00e4llen, wenn unser Transportanbieter gezwungen ist, den Service wesentlich zu \u00e4ndern oder zu stornieren, wird Salty Driver versuchen, eine geeignete Alternative zu finden. Sollte dies nicht m\u00f6glich sein, erhalten Sie eine <strong data-start=\"4133\" data-end=\"4157\">volle R\u00fcckerstattung<\/strong>, die alle Verpflichtungen gegen\u00fcber dem Kunden erf\u00fcllt.<\/p><hr data-start=\"4215\" data-end=\"4218\" \/><h2 data-start=\"4220\" data-end=\"4236\"><strong data-start=\"4223\" data-end=\"4236\">6. Gep\u00e4ck<\/strong><\/h2><p data-start=\"4238\" data-end=\"4451\">Pro Person sind <strong data-start=\"4254\" data-end=\"4280\">maximal 2 Gep\u00e4ckst\u00fccke<\/strong> erlaubt, davon eines als Handgep\u00e4ck. Zus\u00e4tzliches Gep\u00e4ck muss bei der Buchung angegeben werden und kann Zusatzkosten verursachen (z. B. Sportausr\u00fcstung, Rollst\u00fchle etc.).<\/p><p data-start=\"4453\" data-end=\"4553\">Nicht angegebenes \u00dcbergep\u00e4ck kann zu zus\u00e4tzlichen Geb\u00fchren oder zur Ablehnung des Transports f\u00fchren.<\/p><p data-start=\"4555\" data-end=\"4616\">Gep\u00e4ck muss <strong data-start=\"4567\" data-end=\"4595\">mit Name und Zieladresse<\/strong> gekennzeichnet sein.<\/p><hr data-start=\"4618\" data-end=\"4621\" \/><h2 data-start=\"4623\" data-end=\"4658\"><strong data-start=\"4626\" data-end=\"4658\">7. Durchf\u00fchrung des Services<\/strong><\/h2><p data-start=\"4660\" data-end=\"4877\">Salty Driver stellt sicher, dass Ihr Fahrzeug zum vereinbarten Zeitpunkt am Abholort erscheint und Sie rechtzeitig an Ihr Ziel bringt. F\u00fcr Verz\u00f6gerungen au\u00dferhalb unseres Einflussbereichs \u00fcbernehmen wir keine Haftung.<\/p><p data-start=\"4879\" data-end=\"4967\">W\u00e4hrend der Hochsaison oder an Wochenenden kann es gelegentlich zu Verz\u00f6gerungen kommen.<\/p><p data-start=\"4969\" data-end=\"5076\">Kunden m\u00fcssen ihren <strong data-start=\"4989\" data-end=\"5006\">Buchungsbeleg<\/strong> mitf\u00fchren; ohne ihn werden keine R\u00fcckerstattungsanspr\u00fcche akzeptiert.<\/p><p data-start=\"5078\" data-end=\"5350\">Das Transportunternehmen ist verantwortlich f\u00fcr eine sichere und m\u00f6glichst komfortable Bef\u00f6rderung. \u00c4u\u00dfere Umst\u00e4nde wie Unf\u00e4lle, Wetterbedingungen, Polizeikontrollen, Verkehr, Baustellen oder andere sicherheitsrelevante Situationen k\u00f6nnen die Servicequalit\u00e4t beeinflussen.<\/p><p data-start=\"5352\" data-end=\"5521\">In Ausnahmef\u00e4llen kann der Fahrer die Passagiere an einem nahegelegenen Punkt abholen oder absetzen, wenn die genaue Adresse zu Verz\u00f6gerungen oder Schwierigkeiten f\u00fchrt.<\/p><p data-start=\"5523\" data-end=\"5611\">Die Haftung von Salty Driver f\u00fcr direkte Verluste ist auf <strong data-start=\"5581\" data-end=\"5601\">75 \u20ac pro Buchung<\/strong> begrenzt.<\/p><p data-start=\"5613\" data-end=\"5869\">Falls das Transportunternehmen die Fahrt aus Gr\u00fcnden, die unter seiner Kontrolle liegen, nicht durchf\u00fchren kann, stellt Salty Driver ein Ersatztransportmittel bereit. R\u00fcckerstattungen hierf\u00fcr \u00fcbersteigen nicht die Kosten einer Taxifahrt zum gebuchten Ziel.<\/p><hr data-start=\"5871\" data-end=\"5874\" \/><h2 data-start=\"5876\" data-end=\"5910\"><strong data-start=\"5879\" data-end=\"5910\">8. Verantwortung des Kunden<\/strong><\/h2><p data-start=\"5912\" data-end=\"6026\">Der Kunde muss eventuelle Probleme so schnell wie m\u00f6glich melden, damit eine schnelle L\u00f6sung gefunden werden kann.<\/p><p data-start=\"6028\" data-end=\"6301\">Der Kunde ist verpflichtet, alle zumutbaren Ma\u00dfnahmen zu ergreifen, um Sch\u00e4den zu minimieren. Versp\u00e4tet sich das Fahrzeug um mehr als 10 Minuten, muss der Kunde den Fahrer kontaktieren (Kontaktdaten in der APP). Ohne Kontaktaufnahme besteht kein Anspruch auf Entsch\u00e4digung.<\/p><p data-start=\"6303\" data-end=\"6356\">Der Kunde muss <strong data-start=\"6318\" data-end=\"6331\">p\u00fcnktlich<\/strong> zur Abholung erscheinen.<\/p><h3 data-start=\"6358\" data-end=\"6378\"><strong data-start=\"6362\" data-end=\"6378\">Wartezeiten:<\/strong><\/h3><ul data-start=\"6380\" data-end=\"6791\"><li data-start=\"6380\" data-end=\"6613\"><p data-start=\"6382\" data-end=\"6613\"><strong data-start=\"6382\" data-end=\"6405\">Flughafentransfers:<\/strong> Der Fahrer wartet maximal <strong data-start=\"6432\" data-end=\"6444\">1 Stunde<\/strong> nach der Flugankunft.<br data-start=\"6466\" data-end=\"6469\" \/>Bei fehlender R\u00fcckmeldung verl\u00e4sst der Fahrer den Flughafen. Keine R\u00fcckerstattung.<br data-start=\"6553\" data-end=\"6556\" \/>Ein neuer Service kann gegen Aufpreis angeboten werden.<\/p><\/li><li data-start=\"6615\" data-end=\"6791\"><p data-start=\"6617\" data-end=\"6791\"><strong data-start=\"6617\" data-end=\"6638\">Andere Transfers:<\/strong> Die maximale Wartezeit betr\u00e4gt <strong data-start=\"6670\" data-end=\"6684\">10 Minuten<\/strong> nach der vereinbarten Zeit.<br data-start=\"6712\" data-end=\"6715\" \/>Ohne R\u00fcckmeldung des Kunden f\u00e4hrt der Fahrer weiter. Keine R\u00fcckerstattung.<\/p><\/li><\/ul><hr data-start=\"6793\" data-end=\"6796\" \/><h2 data-start=\"6798\" data-end=\"6831\"><strong data-start=\"6801\" data-end=\"6831\">9. Verhalten der Fahrg\u00e4ste<\/strong><\/h2><p data-start=\"6833\" data-end=\"7025\">Salty Driver und das Transportunternehmen k\u00f6nnen den Service verweigern, wenn ein Passagier nach Einsch\u00e4tzung des Fahrers unter Alkohol- oder Drogeneinfluss steht oder sich gef\u00e4hrlich verh\u00e4lt.<\/p><p data-start=\"7027\" data-end=\"7066\">Die folgenden Handlungen sind verboten:<\/p><ul data-start=\"7068\" data-end=\"7146\"><li data-start=\"7068\" data-end=\"7090\"><p data-start=\"7070\" data-end=\"7090\">Konsum von Alkohol<\/p><\/li><li data-start=\"7091\" data-end=\"7112\"><p data-start=\"7093\" data-end=\"7112\">Konsum von Drogen<\/p><\/li><li data-start=\"7113\" data-end=\"7124\"><p data-start=\"7115\" data-end=\"7124\">Rauchen<\/p><\/li><li data-start=\"7125\" data-end=\"7146\"><p data-start=\"7127\" data-end=\"7146\">Essen im Fahrzeug<\/p><\/li><\/ul><hr data-start=\"7148\" data-end=\"7151\" \/><h2 data-start=\"7153\" data-end=\"7181\"><strong data-start=\"7156\" data-end=\"7181\">10. Reiseversicherung<\/strong><\/h2><p data-start=\"7183\" data-end=\"7407\">Es liegt in der Verantwortung des Kunden sicherzustellen, dass seine <strong data-start=\"7252\" data-end=\"7273\">Reiseversicherung<\/strong> ausreichenden Schutz bietet. Wir empfehlen, die Versicherungspolice sorgf\u00e4ltig zu lesen und sie w\u00e4hrend der Reise bei sich zu tragen.<\/p><hr data-start=\"7409\" data-end=\"7412\" \/><h2 data-start=\"7414\" data-end=\"7438\"><strong data-start=\"7417\" data-end=\"7438\">11. Gerichtsstand<\/strong><\/h2><p data-start=\"7440\" data-end=\"7512\">Diese Allgemeinen Gesch\u00e4ftsbedingungen unterliegen <strong data-start=\"7491\" data-end=\"7511\">spanischem Recht<\/strong>.<\/p><p data-start=\"7514\" data-end=\"7613\">Jegliche Streitigkeiten unterliegen der <strong data-start=\"7554\" data-end=\"7612\">ausschlie\u00dflichen Zust\u00e4ndigkeit der spanischen Gerichte<\/strong>.<\/p><p data-start=\"7615\" data-end=\"7705\">Wird eine Klausel als ung\u00fcltig erkl\u00e4rt, bleiben die \u00fcbrigen Bestimmungen weiterhin g\u00fcltig.<\/p><hr data-start=\"7707\" data-end=\"7710\" \/><h2 data-start=\"7712\" data-end=\"7734\"><strong data-start=\"7715\" data-end=\"7734\">12. Beschwerden<\/strong><\/h2><p data-start=\"7736\" data-end=\"7904\">Sollten Sie mit einem Teil des Dienstes unzufrieden sein, m\u00fcssen Sie uns innerhalb von <strong data-start=\"7823\" data-end=\"7835\">28 Tagen<\/strong> nach dem Transfer kontaktieren, damit wir den Vorfall pr\u00fcfen k\u00f6nnen.<\/p><p data-start=\"7906\" data-end=\"7973\">Beschwerden sind per E-Mail an <strong data-start=\"7937\" data-end=\"7961\"><a class=\"decorated-link cursor-pointer\" rel=\"noopener\" data-start=\"7939\" data-end=\"7959\">info@saltydriver.com<\/a><\/strong> zu richten.<\/p>\t\t\t\t\t\t\t\t<\/div>\n\t\t\t\t<\/div>\n\t\t\t\t\t<\/div>\n\t\t<\/div>\n\t\t\t\t\t<\/div>\n\t\t<\/section>\n\t\t\t\t<\/div>\n\t\t","protected":false},"excerpt":{"rendered":"<p>Allgemeine Gesch\u00e4ftsbedingungen (AGB) 1. Allgemeine Bedingungen Die Website und mobile App (APP) von Salty Driver sind Eigentum von Salty Driver S.L., einer in Spanien registrierten Gesellschaft mit NIF B-67822635 und Sitz in Cam\u00ed Can Pastilla, 74, 07610 Palma de Mallorca, Spanien. Diese allgemeinen Bedingungen regeln die vertragliche Beziehung zwischen Salty Driver und dem Kunden. Salty [&hellip;]<\/p>\n","protected":false},"author":1,"featured_media":0,"parent":0,"menu_order":0,"comment_status":"closed","ping_status":"closed","template":"","meta":{"footnotes":""},"class_list":["post-1800","page","type-page","status-publish","hentry"],"_links":{"self":[{"href":"https:\/\/saltydriver.com\/de\/wp-json\/wp\/v2\/pages\/1800","targetHints":{"allow":["GET"]}}],"collection":[{"href":"https:\/\/saltydriver.com\/de\/wp-json\/wp\/v2\/pages"}],"about":[{"href":"https:\/\/saltydriver.com\/de\/wp-json\/wp\/v2\/types\/page"}],"author":[{"embeddable":true,"href":"https:\/\/saltydriver.com\/de\/wp-json\/wp\/v2\/users\/1"}],"replies":[{"embeddable":true,"href":"https:\/\/saltydriver.com\/de\/wp-json\/wp\/v2\/comments?post=1800"}],"version-history":[{"count":10,"href":"https:\/\/saltydriver.com\/de\/wp-json\/wp\/v2\/pages\/1800\/revisions"}],"predecessor-version":[{"id":3542,"href":"https:\/\/saltydriver.com\/de\/wp-json\/wp\/v2\/pages\/1800\/revisions\/3542"}],"wp:attachment":[{"href":"https:\/\/saltydriver.com\/de\/wp-json\/wp\/v2\/media?parent=1800"}],"curies":[{"name":"wp","href":"https:\/\/api.w.org\/{rel}","templated":true}]}}